{"id":47,"date":"2023-02-07T10:39:27","date_gmt":"2023-02-07T09:39:27","guid":{"rendered":"https:\/\/www.bordaritort.com\/escuelas\/"},"modified":"2023-02-17T12:29:50","modified_gmt":"2023-02-17T11:29:50","slug":"escuelas","status":"publish","type":"page","link":"https:\/\/www.bordaritort.com\/es\/escuelas\/","title":{"rendered":"Escuelas"},"content":{"rendered":"<h3 style=\"text-align: center;\">Gran variedad de actividades de aventura, desde las m\u00e1s tranquilas hasta las m\u00e1s emocionantes, para ni\u00f1os y ni\u00f1as de entre 8 y 16 a\u00f1os.<\/h3>\n<p style=\"text-align: center;\">El conjunto de actividades que ofrecemos junto a las instalaciones de las que disponemos, nos permiten ofrecer a los grupos escolares, paquetes tur\u00edsticos muy completos, con alojamiento en el mismo punto de inicio de las actividades.<\/p>\n","protected":false},"excerpt":{"rendered":"<p>Gran variedad de actividades de aventura, desde las m\u00e1s tranquilas hasta las m\u00e1s emocionantes, para ni\u00f1os y ni\u00f1as de entre 8 y 16 a\u00f1os. El conjunto de actividades que ofrecemos junto a las instalaciones de las que disponemos, nos permiten ofrecer a los grupos escolares, paquetes tur\u00edsticos muy completos, con alojamiento en el mismo punto [&hellip;]<\/p>\n","protected":false},"author":1,"featured_media":840,"parent":0,"menu_order":0,"comment_status":"closed","ping_status":"closed","template":"05-escoles.php","meta":{"_acf_changed":false,"footnotes":""},"class_list":["post-47","page","type-page","status-publish","has-post-thumbnail","hentry"],"acf":[],"_links":{"self":[{"href":"https:\/\/www.bordaritort.com\/es\/wp-json\/wp\/v2\/pages\/47","targetHints":{"allow":["GET"]}}],"collection":[{"href":"https:\/\/www.bordaritort.com\/es\/wp-json\/wp\/v2\/pages"}],"about":[{"href":"https:\/\/www.bordaritort.com\/es\/wp-json\/wp\/v2\/types\/page"}],"author":[{"embeddable":true,"href":"https:\/\/www.bordaritort.com\/es\/wp-json\/wp\/v2\/users\/1"}],"replies":[{"embeddable":true,"href":"https:\/\/www.bordaritort.com\/es\/wp-json\/wp\/v2\/comments?post=47"}],"version-history":[{"count":2,"href":"https:\/\/www.bordaritort.com\/es\/wp-json\/wp\/v2\/pages\/47\/revisions"}],"predecessor-version":[{"id":388,"href":"https:\/\/www.bordaritort.com\/es\/wp-json\/wp\/v2\/pages\/47\/revisions\/388"}],"wp:featuredmedia":[{"embeddable":true,"href":"https:\/\/www.bordaritort.com\/es\/wp-json\/wp\/v2\/media\/840"}],"wp:attachment":[{"href":"https:\/\/www.bordaritort.com\/es\/wp-json\/wp\/v2\/media?parent=47"}],"curies":[{"name":"wp","href":"https:\/\/api.w.org\/{rel}","templated":true}]}}