{"id":542,"date":"2023-02-14T08:07:45","date_gmt":"2023-02-14T07:07:45","guid":{"rendered":"https:\/\/www.bordaritort.com\/eventos\/empresas\/"},"modified":"2023-02-14T14:14:08","modified_gmt":"2023-02-14T13:14:08","slug":"empresas","status":"publish","type":"page","link":"https:\/\/www.bordaritort.com\/es\/eventos\/empresas\/","title":{"rendered":"Empresas"},"content":{"rendered":"<p style=\"text-align: left;\">La Borda de Ritort \u2013 Business Friendly es nuestro sello de garant\u00eda para las empresas que nos eligen por sus diferentes acciones: incentivos, viajes de fidelizaci\u00f3n, jornadas de desconexi\u00f3n, presentaciones de productos, etc. y en donde el aprovechamiento y rendimiento de los participantes est\u00e1 garantizado por el clima de convivencia y actividades y recursos que ponemos a su disposici\u00f3n.<\/p>\n","protected":false},"excerpt":{"rendered":"<p>La Borda de Ritort \u2013 Business Friendly es nuestro sello de garant\u00eda para las empresas que nos eligen por sus diferentes acciones: incentivos, viajes de fidelizaci\u00f3n, jornadas de desconexi\u00f3n, presentaciones de productos, etc. y en donde el aprovechamiento y rendimiento de los participantes est\u00e1 garantizado por el clima de convivencia y actividades y recursos que [&hellip;]<\/p>\n","protected":false},"author":1,"featured_media":652,"parent":64,"menu_order":0,"comment_status":"closed","ping_status":"closed","template":"09-empreses.php","meta":{"_acf_changed":false,"footnotes":""},"class_list":["post-542","page","type-page","status-publish","has-post-thumbnail","hentry"],"acf":[],"_links":{"self":[{"href":"https:\/\/www.bordaritort.com\/es\/wp-json\/wp\/v2\/pages\/542","targetHints":{"allow":["GET"]}}],"collection":[{"href":"https:\/\/www.bordaritort.com\/es\/wp-json\/wp\/v2\/pages"}],"about":[{"href":"https:\/\/www.bordaritort.com\/es\/wp-json\/wp\/v2\/types\/page"}],"author":[{"embeddable":true,"href":"https:\/\/www.bordaritort.com\/es\/wp-json\/wp\/v2\/users\/1"}],"replies":[{"embeddable":true,"href":"https:\/\/www.bordaritort.com\/es\/wp-json\/wp\/v2\/comments?post=542"}],"version-history":[{"count":4,"href":"https:\/\/www.bordaritort.com\/es\/wp-json\/wp\/v2\/pages\/542\/revisions"}],"predecessor-version":[{"id":689,"href":"https:\/\/www.bordaritort.com\/es\/wp-json\/wp\/v2\/pages\/542\/revisions\/689"}],"up":[{"embeddable":true,"href":"https:\/\/www.bordaritort.com\/es\/wp-json\/wp\/v2\/pages\/64"}],"wp:featuredmedia":[{"embeddable":true,"href":"https:\/\/www.bordaritort.com\/es\/wp-json\/wp\/v2\/media\/652"}],"wp:attachment":[{"href":"https:\/\/www.bordaritort.com\/es\/wp-json\/wp\/v2\/media?parent=542"}],"curies":[{"name":"wp","href":"https:\/\/api.w.org\/{rel}","templated":true}]}}