{"id":546,"date":"2023-02-14T08:08:00","date_gmt":"2023-02-14T08:08:00","guid":{"rendered":"https:\/\/www.bordaritort.com\/eventos\/ceremonias\/"},"modified":"2023-02-14T09:57:06","modified_gmt":"2023-02-14T09:57:06","slug":"ceremonias","status":"publish","type":"page","link":"https:\/\/www.bordaritort.com\/es\/eventos\/ceremonias\/","title":{"rendered":"Ceremonias"},"content":{"rendered":"<p>Tanto si es un encuentro familiar o cumplea\u00f1os, como si es un bautizo, comuni\u00f3n o boda, seguro que para ti es el evento m\u00e1s importante. En La Borda de Ritort hacemos realidad tus deseos.<\/p>\n","protected":false},"excerpt":{"rendered":"<p>Tanto si es un encuentro familiar o cumplea\u00f1os, como si es un bautizo, comuni\u00f3n o boda, seguro que para ti es el evento m\u00e1s importante. En La Borda de Ritort hacemos realidad tus deseos.<\/p>\n","protected":false},"author":1,"featured_media":701,"parent":64,"menu_order":0,"comment_status":"closed","ping_status":"closed","template":"08-cerimonies.php","meta":{"_acf_changed":false,"footnotes":""},"class_list":["post-546","page","type-page","status-publish","has-post-thumbnail","hentry"],"acf":[],"_links":{"self":[{"href":"https:\/\/www.bordaritort.com\/es\/wp-json\/wp\/v2\/pages\/546","targetHints":{"allow":["GET"]}}],"collection":[{"href":"https:\/\/www.bordaritort.com\/es\/wp-json\/wp\/v2\/pages"}],"about":[{"href":"https:\/\/www.bordaritort.com\/es\/wp-json\/wp\/v2\/types\/page"}],"author":[{"embeddable":true,"href":"https:\/\/www.bordaritort.com\/es\/wp-json\/wp\/v2\/users\/1"}],"replies":[{"embeddable":true,"href":"https:\/\/www.bordaritort.com\/es\/wp-json\/wp\/v2\/comments?post=546"}],"version-history":[{"count":2,"href":"https:\/\/www.bordaritort.com\/es\/wp-json\/wp\/v2\/pages\/546\/revisions"}],"predecessor-version":[{"id":739,"href":"https:\/\/www.bordaritort.com\/es\/wp-json\/wp\/v2\/pages\/546\/revisions\/739"}],"up":[{"embeddable":true,"href":"https:\/\/www.bordaritort.com\/es\/wp-json\/wp\/v2\/pages\/64"}],"wp:featuredmedia":[{"embeddable":true,"href":"https:\/\/www.bordaritort.com\/es\/wp-json\/wp\/v2\/media\/701"}],"wp:attachment":[{"href":"https:\/\/www.bordaritort.com\/es\/wp-json\/wp\/v2\/media?parent=546"}],"curies":[{"name":"wp","href":"https:\/\/api.w.org\/{rel}","templated":true}]}}