{"id":56,"date":"2023-02-07T10:38:10","date_gmt":"2023-02-07T09:38:10","guid":{"rendered":"https:\/\/www.bordaritort.com\/actividades\/"},"modified":"2023-02-15T15:27:39","modified_gmt":"2023-02-15T14:27:39","slug":"actividades","status":"publish","type":"page","link":"https:\/\/www.bordaritort.com\/es\/actividades\/","title":{"rendered":"Actividades"},"content":{"rendered":"<p style=\"text-align: center;\">La Borda de Ritort cuenta, entre sus instalaciones, con la Base de Actividades \u201cR\u00e0fting Pallars &#8211; Turisnat\u201d ubicada junto al alojamiento, en medio del Valle de las Vernedes, junto al r\u00edo Noguera Pallaresa ya pies del parque natural del Alt Pirineu y del parque nacional de Aig\u00fcestortes, lo que nos sit\u00faa como punto de partida ideal para actividades de turismo activo y de monta\u00f1a para todas las edades, desde el rafting hasta otras muchas como las siguientes :<\/p>\n","protected":false},"excerpt":{"rendered":"<p>La Borda de Ritort cuenta, entre sus instalaciones, con la Base de Actividades \u201cR\u00e0fting Pallars &#8211; Turisnat\u201d ubicada junto al alojamiento, en medio del Valle de las Vernedes, junto al r\u00edo Noguera Pallaresa ya pies del parque natural del Alt Pirineu y del parque nacional de Aig\u00fcestortes, lo que nos sit\u00faa como punto de partida [&hellip;]<\/p>\n","protected":false},"author":1,"featured_media":0,"parent":0,"menu_order":0,"comment_status":"closed","ping_status":"closed","template":"02-activitats.php","meta":{"_acf_changed":false,"footnotes":""},"class_list":["post-56","page","type-page","status-publish","hentry"],"acf":[],"_links":{"self":[{"href":"https:\/\/www.bordaritort.com\/es\/wp-json\/wp\/v2\/pages\/56","targetHints":{"allow":["GET"]}}],"collection":[{"href":"https:\/\/www.bordaritort.com\/es\/wp-json\/wp\/v2\/pages"}],"about":[{"href":"https:\/\/www.bordaritort.com\/es\/wp-json\/wp\/v2\/types\/page"}],"author":[{"embeddable":true,"href":"https:\/\/www.bordaritort.com\/es\/wp-json\/wp\/v2\/users\/1"}],"replies":[{"embeddable":true,"href":"https:\/\/www.bordaritort.com\/es\/wp-json\/wp\/v2\/comments?post=56"}],"version-history":[{"count":3,"href":"https:\/\/www.bordaritort.com\/es\/wp-json\/wp\/v2\/pages\/56\/revisions"}],"predecessor-version":[{"id":909,"href":"https:\/\/www.bordaritort.com\/es\/wp-json\/wp\/v2\/pages\/56\/revisions\/909"}],"wp:attachment":[{"href":"https:\/\/www.bordaritort.com\/es\/wp-json\/wp\/v2\/media?parent=56"}],"curies":[{"name":"wp","href":"https:\/\/api.w.org\/{rel}","templated":true}]}}