{"id":64,"date":"2023-02-07T10:38:42","date_gmt":"2023-02-07T09:38:42","guid":{"rendered":"https:\/\/www.bordaritort.com\/eventos\/"},"modified":"2023-02-14T17:41:09","modified_gmt":"2023-02-14T16:41:09","slug":"eventos","status":"publish","type":"page","link":"https:\/\/www.bordaritort.com\/es\/eventos\/","title":{"rendered":"Eventos"},"content":{"rendered":"<p style=\"text-align: center;\">La Borda de Ritort es tambi\u00e9n un lugar \u00fanico para la organizaci\u00f3n de eventos, poniendo a su disposici\u00f3n toda nuestra experiencia en el sector del turismo de naturaleza y eventos de empresas y particulares.<\/p>\n<p style=\"text-align: center;\">Tendr\u00e1s a tu disposici\u00f3n:<\/p>\n","protected":false},"excerpt":{"rendered":"<p>La Borda de Ritort es tambi\u00e9n un lugar \u00fanico para la organizaci\u00f3n de eventos, poniendo a su disposici\u00f3n toda nuestra experiencia en el sector del turismo de naturaleza y eventos de empresas y particulares. Tendr\u00e1s a tu disposici\u00f3n:<\/p>\n","protected":false},"author":1,"featured_media":363,"parent":0,"menu_order":0,"comment_status":"closed","ping_status":"closed","template":"04-events.php","meta":{"_acf_changed":false,"footnotes":""},"class_list":["post-64","page","type-page","status-publish","has-post-thumbnail","hentry"],"acf":[],"_links":{"self":[{"href":"https:\/\/www.bordaritort.com\/es\/wp-json\/wp\/v2\/pages\/64","targetHints":{"allow":["GET"]}}],"collection":[{"href":"https:\/\/www.bordaritort.com\/es\/wp-json\/wp\/v2\/pages"}],"about":[{"href":"https:\/\/www.bordaritort.com\/es\/wp-json\/wp\/v2\/types\/page"}],"author":[{"embeddable":true,"href":"https:\/\/www.bordaritort.com\/es\/wp-json\/wp\/v2\/users\/1"}],"replies":[{"embeddable":true,"href":"https:\/\/www.bordaritort.com\/es\/wp-json\/wp\/v2\/comments?post=64"}],"version-history":[{"count":3,"href":"https:\/\/www.bordaritort.com\/es\/wp-json\/wp\/v2\/pages\/64\/revisions"}],"predecessor-version":[{"id":831,"href":"https:\/\/www.bordaritort.com\/es\/wp-json\/wp\/v2\/pages\/64\/revisions\/831"}],"wp:featuredmedia":[{"embeddable":true,"href":"https:\/\/www.bordaritort.com\/es\/wp-json\/wp\/v2\/media\/363"}],"wp:attachment":[{"href":"https:\/\/www.bordaritort.com\/es\/wp-json\/wp\/v2\/media?parent=64"}],"curies":[{"name":"wp","href":"https:\/\/api.w.org\/{rel}","templated":true}]}}